{"id":25575,"date":"2025-11-09T14:14:22","date_gmt":"2025-11-09T13:14:22","guid":{"rendered":"https:\/\/www.dealmarket.be\/?post_type=product&#038;p=25575"},"modified":"2025-11-16T01:49:55","modified_gmt":"2025-11-16T00:49:55","slug":"coque-de-protection-antichoc-pour-iphone","status":"publish","type":"product","link":"https:\/\/www.dealmarket.be\/nl\/coque-de-protection-antichoc-pour-iphone\/","title":{"rendered":"Coque de protection antichoc pour iPhone"},"content":{"rendered":"<div class=\"otQkpb\" role=\"heading\" aria-level=\"3\" data-animation-nesting=\"\" data-sfc-cp=\"\" data-complete=\"true\" data-processed=\"true\" data-sae=\"\"><strong class=\"Yjhzub\" data-complete=\"true\">Prot\u00e9gez votre iPhone avec l&rsquo;Ultime Coque de Protection Antichoc<\/strong><button class=\"rBl3me\" tabindex=\"0\" data-amic=\"true\" data-icl-uuid=\"c05ae211-6d8d-4611-b4fc-b443227c9e9a\" aria-label=\"View related links\" data-wiz-attrbind=\"disabled=LRu2k_19_C5gNJc;class=LRu2k_19_UpSNec;\" data-ved=\"2ahUKEwj1yIy_h-WQAxW_RKQEHcBRCe0Qye0OegYIAQgHEAA\"><\/button><\/div>\n<div class=\"Y3BBE\" data-sfc-cp=\"\" data-hveid=\"CAEICRAA\" data-complete=\"true\" data-processed=\"true\">Votre iPhone est un investissement pr\u00e9cieux.<\/div>\n<div class=\"Y3BBE\" data-sfc-cp=\"\" data-hveid=\"CAEICRAA\" data-complete=\"true\" data-processed=\"true\">Ne laissez pas une chute accidentelle transformer cet investissement en un cauchemar co\u00fbteux.<button class=\"rBl3me\" tabindex=\"0\" data-amic=\"true\" data-icl-uuid=\"d1193945-1852-492e-a2bb-9b8417e17149\" aria-label=\"View related links\" data-wiz-attrbind=\"disabled=LRu2k_1q_C5gNJc;class=LRu2k_1q_UpSNec;\" data-ved=\"2ahUKEwj1yIy_h-WQAxW_RKQEHcBRCe0Qye0OegYIAQgJEAE\"><\/button><\/div>\n<div class=\"Y3BBE\" data-sfc-cp=\"\" data-hveid=\"CAEIChAA\" data-complete=\"true\" data-processed=\"true\">D\u00e9couvrez notre\u00a0<strong class=\"Yjhzub\" data-complete=\"true\" data-processed=\"true\">coque de protection antichoc pour iPhone<\/strong>, qui offre une s\u00e9curit\u00e9 maximale sans sacrifier le style.<button class=\"rBl3me\" tabindex=\"0\" data-amic=\"true\" data-icl-uuid=\"8779d04e-9e1a-4f8a-a97e-c31b717bbe59\" aria-label=\"View related links\" data-wiz-attrbind=\"disabled=LRu2k_1u_C5gNJc;class=LRu2k_1u_UpSNec;\" data-ved=\"2ahUKEwj1yIy_h-WQAxW_RKQEHcBRCe0Qye0OegYIAQgKEAE\"><\/button><\/div>\n<div class=\"Fsg96\" data-sfc-cp=\"\" data-complete=\"true\" data-processed=\"true\"><\/div>\n<div class=\"otQkpb\" role=\"heading\" aria-level=\"3\" data-animation-nesting=\"\" data-sfc-cp=\"\" data-complete=\"true\" data-processed=\"true\" data-sae=\"\"><strong class=\"Yjhzub\" data-complete=\"true\">Une R\u00e9sistance aux Chocs In\u00e9gal\u00e9e<\/strong><button class=\"rBl3me\" tabindex=\"0\" data-amic=\"true\" data-icl-uuid=\"18dc39e6-9584-4280-b597-62e1b1bdd3d0\" aria-label=\"View related links\" data-wiz-attrbind=\"disabled=LRu2k_1z_C5gNJc;class=LRu2k_1z_UpSNec;\" data-ved=\"2ahUKEwj1yIy_h-WQAxW_RKQEHcBRCe0Qye0OegYIAQgLEAA\"><\/button><\/div>\n<div class=\"Y3BBE\" data-sfc-cp=\"\" data-hveid=\"CAEIDBAA\" data-complete=\"true\" data-processed=\"true\">Notre coque est le bouclier dont votre t\u00e9l\u00e9phone a besoin.<button class=\"rBl3me\" tabindex=\"0\" data-amic=\"true\" data-icl-uuid=\"a2576c3e-af73-48aa-ba8b-363896477e8d\" aria-label=\"View related links\" data-wiz-attrbind=\"disabled=LRu2k_22_C5gNJc;class=LRu2k_22_UpSNec;\" data-ved=\"2ahUKEwj1yIy_h-WQAxW_RKQEHcBRCe0Qye0OegYIAQgMEAE\"><\/button><\/div>\n<div class=\"Y3BBE\" data-sfc-cp=\"\" data-hveid=\"CAEIDRAA\" data-complete=\"true\" data-processed=\"true\">Fabriqu\u00e9e en polym\u00e8res avanc\u00e9s et silicone renforc\u00e9, elle absorbe et disperse l&rsquo;\u00e9nergie des impacts.<button class=\"rBl3me\" tabindex=\"0\" data-amic=\"true\" data-icl-uuid=\"136877f8-067d-4cbd-8748-1d6a38aa2c83\" aria-label=\"View related links\" data-wiz-attrbind=\"disabled=LRu2k_25_C5gNJc;class=LRu2k_25_UpSNec;\" data-ved=\"2ahUKEwj1yIy_h-WQAxW_RKQEHcBRCe0Qye0OegYIAQgNEAE\"><\/button><\/div>\n<div class=\"Y3BBE\" data-sfc-cp=\"\" data-hveid=\"CAEIDhAA\" data-complete=\"true\" data-processed=\"true\">Certifi\u00e9e normes militaires (MIL-STD 810G), elle garantit que votre iPhone reste intact, m\u00eame apr\u00e8s les chutes.<button class=\"rBl3me\" tabindex=\"0\" data-amic=\"true\" data-icl-uuid=\"422a0705-fbbe-4b85-9153-481aa8c196be\" aria-label=\"View related links\" data-wiz-attrbind=\"disabled=LRu2k_28_C5gNJc;class=LRu2k_28_UpSNec;\" data-ved=\"2ahUKEwj1yIy_h-WQAxW_RKQEHcBRCe0Qye0OegYIAQgOEAE\"><\/button><\/div>\n<div class=\"Y3BBE\" data-sfc-cp=\"\" data-hveid=\"CAEIDxAA\" data-complete=\"true\" data-processed=\"true\">Les rebords sur\u00e9lev\u00e9s prot\u00e8gent l&rsquo;\u00e9cran et les cam\u00e9ras des rayures directes lorsque le t\u00e9l\u00e9phone est pos\u00e9 face vers le bas.<button class=\"rBl3me\" tabindex=\"0\" data-amic=\"true\" data-icl-uuid=\"dcaddc64-b64c-4123-940a-d20f2138317e\" aria-label=\"View related links\" data-wiz-attrbind=\"disabled=LRu2k_2b_C5gNJc;class=LRu2k_2b_UpSNec;\" data-ved=\"2ahUKEwj1yIy_h-WQAxW_RKQEHcBRCe0Qye0OegYIAQgPEAE\"><\/button><\/div>\n<div class=\"Fsg96\" data-sfc-cp=\"\" data-complete=\"true\" data-processed=\"true\"><\/div>\n<div class=\"otQkpb\" role=\"heading\" aria-level=\"3\" data-animation-nesting=\"\" data-sfc-cp=\"\" data-complete=\"true\" data-processed=\"true\" data-sae=\"\"><strong class=\"Yjhzub\" data-complete=\"true\">Design \u00c9l\u00e9gant et Ergonomique<\/strong><button class=\"rBl3me\" tabindex=\"0\" data-amic=\"true\" data-icl-uuid=\"67cc5a36-d279-4feb-9069-061caa787973\" aria-label=\"View related links\" data-wiz-attrbind=\"disabled=LRu2k_2g_C5gNJc;class=LRu2k_2g_UpSNec;\" data-ved=\"2ahUKEwj1yIy_h-WQAxW_RKQEHcBRCe0Qye0OegYIAQgQEAA\"><\/button><\/div>\n<div class=\"Y3BBE\" data-sfc-cp=\"\" data-hveid=\"CAEIERAA\" data-processed=\"true\" data-complete=\"true\">Qui a dit qu&rsquo;une protection robuste devait \u00eatre encombrante ? Notre design intelligent allie s\u00e9curit\u00e9 et silhouette fine.<button class=\"rBl3me\" tabindex=\"0\" data-amic=\"true\" data-icl-uuid=\"22a59ead-f61e-485b-a4a6-1a8dee760b6d\" aria-label=\"View related links\" data-wiz-attrbind=\"disabled=LRu2k_2j_C5gNJc;class=LRu2k_2j_UpSNec;\" data-ved=\"2ahUKEwj1yIy_h-WQAxW_RKQEHcBRCe0Qye0OegYIAQgREAE\"><\/button><\/div>\n<div class=\"Y3BBE\" data-sfc-cp=\"\" data-hveid=\"CAEIEhAA\" data-complete=\"true\" data-processed=\"true\">Elle se glisse facilement dans votre poche et offre une prise en main confortable et antid\u00e9rapante.<button class=\"rBl3me\" tabindex=\"0\" data-amic=\"true\" data-icl-uuid=\"9d2fd785-e37e-4ace-9d8d-5e3a80303cdc\" aria-label=\"View related links\" data-wiz-attrbind=\"disabled=LRu2k_2m_C5gNJc;class=LRu2k_2m_UpSNec;\" data-ved=\"2ahUKEwj1yIy_h-WQAxW_RKQEHcBRCe0Qye0OegYIAQgSEAE\"><\/button><\/div>\n<div class=\"Y3BBE\" data-sfc-cp=\"\" data-hveid=\"CAEIExAA\" data-complete=\"true\" data-processed=\"true\">La finition premium ajoute une touche de sophistication \u00e0 votre appareil, tout en r\u00e9sistant aux traces de doigts.<button class=\"rBl3me\" tabindex=\"0\" data-amic=\"true\" data-icl-uuid=\"75a1b0aa-c960-4900-901a-49a839d2f8e3\" aria-label=\"View related links\" data-wiz-attrbind=\"disabled=LRu2k_2p_C5gNJc;class=LRu2k_2p_UpSNec;\" data-ved=\"2ahUKEwj1yIy_h-WQAxW_RKQEHcBRCe0Qye0OegYIAQgTEAE\"><\/button><\/div>\n<div class=\"Fsg96\" data-sfc-cp=\"\" data-complete=\"true\" data-processed=\"true\"><\/div>\n<div class=\"otQkpb\" role=\"heading\" aria-level=\"3\" data-animation-nesting=\"\" data-sfc-cp=\"\" data-complete=\"true\" data-processed=\"true\" data-sae=\"\"><strong class=\"Yjhzub\" data-complete=\"true\">Fonctionnalit\u00e9 Intacte et Compatibilit\u00e9 Parfaite<\/strong><button class=\"rBl3me\" tabindex=\"0\" data-amic=\"true\" data-icl-uuid=\"48b4beca-0447-44d2-b75c-6e396d596c0f\" aria-label=\"View related links\" data-wiz-attrbind=\"disabled=LRu2k_2u_C5gNJc;class=LRu2k_2u_UpSNec;\" data-ved=\"2ahUKEwj1yIy_h-WQAxW_RKQEHcBRCe0Qye0OegYIAQgUEAA\"><\/button><\/div>\n<div class=\"Y3BBE\" data-sfc-cp=\"\" data-hveid=\"CAEIFRAA\" data-complete=\"true\" data-processed=\"true\">Con\u00e7ue avec une pr\u00e9cision m\u00e9ticuleuse, cette\u00a0<strong class=\"Yjhzub\" data-complete=\"true\" data-processed=\"true\">coque iPhone<\/strong>\u00a0assure un acc\u00e8s parfait \u00e0 tous les ports et boutons.<button class=\"rBl3me\" tabindex=\"0\" data-amic=\"true\" data-icl-uuid=\"f9de46d0-6f12-4f77-a7a0-905231c6a397\" aria-label=\"View related links\" data-wiz-attrbind=\"disabled=LRu2k_2y_C5gNJc;class=LRu2k_2y_UpSNec;\" data-ved=\"2ahUKEwj1yIy_h-WQAxW_RKQEHcBRCe0Qye0OegYIAQgVEAE\"><\/button><\/div>\n<div class=\"Y3BBE\" data-sfc-cp=\"\" data-hveid=\"CAEIFhAA\" data-complete=\"true\" data-processed=\"true\">Les d\u00e9coupes pr\u00e9cises permettent une utilisation fluide de la cam\u00e9ra, du port de charge et des haut-parleurs.<button class=\"rBl3me\" tabindex=\"0\" data-amic=\"true\" data-icl-uuid=\"34fd524f-e28f-433e-b3b5-504cda93493b\" aria-label=\"View related links\" data-wiz-attrbind=\"disabled=LRu2k_31_C5gNJc;class=LRu2k_31_UpSNec;\" data-ved=\"2ahUKEwj1yIy_h-WQAxW_RKQEHcBRCe0Qye0OegYIAQgWEAE\"><\/button><\/div>\n<div class=\"Y3BBE\" data-sfc-cp=\"\" data-hveid=\"CAEIFxAA\" data-complete=\"true\" data-processed=\"true\">Enti\u00e8rement compatible avec la recharge sans fil et les accessoires MagSafe, pour une commodit\u00e9 optimale.<button class=\"rBl3me\" tabindex=\"0\" data-amic=\"true\" data-icl-uuid=\"7556e51c-d71c-4789-96f2-e30ccf283a64\" aria-label=\"View related links\" data-wiz-attrbind=\"disabled=LRu2k_34_C5gNJc;class=LRu2k_34_UpSNec;\" data-ved=\"2ahUKEwj1yIy_h-WQAxW_RKQEHcBRCe0Qye0OegYIAQgXEAE\"><\/button><\/div>\n<div class=\"Fsg96\" data-sfc-cp=\"\" data-complete=\"true\" data-processed=\"true\"><\/div>\n<div class=\"otQkpb\" role=\"heading\" aria-level=\"3\" data-animation-nesting=\"\" data-sfc-cp=\"\" data-complete=\"true\" data-processed=\"true\" data-sae=\"\"><strong class=\"Yjhzub\" data-complete=\"true\">Le Choix \u00c9vident pour la S\u00e9curit\u00e9 de votre iPhone<\/strong><button class=\"rBl3me\" tabindex=\"0\" data-amic=\"true\" data-icl-uuid=\"3b57ffe6-3ca6-4d4b-883d-e480fcdf9908\" aria-label=\"View related links\" data-wiz-attrbind=\"disabled=LRu2k_39_C5gNJc;class=LRu2k_39_UpSNec;\" data-ved=\"2ahUKEwj1yIy_h-WQAxW_RKQEHcBRCe0Qye0OegYIAQgYEAA\"><\/button><\/div>\n<div class=\"Y3BBE\" data-sfc-cp=\"\" data-hveid=\"CAEIGRAA\" data-complete=\"true\" data-processed=\"true\">Ne faites aucun compromis sur la s\u00e9curit\u00e9 de votre appareil.<button class=\"rBl3me\" tabindex=\"0\" data-amic=\"true\" data-icl-uuid=\"6fc7b903-f23a-44ec-89c2-cf01e65ec3ea\" aria-label=\"View related links\" data-wiz-attrbind=\"disabled=LRu2k_3c_C5gNJc;class=LRu2k_3c_UpSNec;\" data-ved=\"2ahUKEwj1yIy_h-WQAxW_RKQEHcBRCe0Qye0OegYIAQgZEAE\"><\/button><\/div>\n<div class=\"Y3BBE\" data-sfc-cp=\"\" data-hveid=\"CAEIGhAA\" data-complete=\"true\" data-processed=\"true\">Que vous ayez un iPhone 15 Pro Max, un iPhone 14 ou un mod\u00e8le plus ancien, nous avons la coque antichoc adapt\u00e9e.<button class=\"rBl3me\" tabindex=\"0\" data-amic=\"true\" data-icl-uuid=\"9100e1aa-15af-4fa1-92f1-237a091f18e4\" aria-label=\"View related links\" data-wiz-attrbind=\"disabled=LRu2k_3f_C5gNJc;class=LRu2k_3f_UpSNec;\" data-ved=\"2ahUKEwj1yIy_h-WQAxW_RKQEHcBRCe0Qye0OegYIAQgaEAE\"><\/button><\/div>\n<div class=\"Y3BBE\" data-sfc-cp=\"\" data-hveid=\"CAEIGxAA\" data-complete=\"true\" data-processed=\"true\">Offrez-vous la tranquillit\u00e9 d&rsquo;esprit.<button class=\"rBl3me\" tabindex=\"0\" data-amic=\"true\" data-icl-uuid=\"ecc361da-d8d2-4f9a-a198-fd9509cb13b4\" aria-label=\"View related links\" data-wiz-attrbind=\"disabled=LRu2k_3i_C5gNJc;class=LRu2k_3i_UpSNec;\" data-ved=\"2ahUKEwj1yIy_h-WQAxW_RKQEHcBRCe0Qye0OegYIAQgbEAE\"><\/button><\/div>\n<div class=\"Y3BBE\" data-sfc-cp=\"\" data-hveid=\"CAEIHBAA\" data-complete=\"true\" data-processed=\"true\">Commandez d\u00e8s maintenant votre coque de protection antichoc pour iPhone et prot\u00e9gez ce qui compte !<button class=\"rBl3me\" tabindex=\"0\" data-amic=\"true\" data-icl-uuid=\"25251f07-3060-4f74-8d87-1c77aae0a28f\" aria-label=\"View related links\" data-wiz-attrbind=\"disabled=LRu2k_3l_C5gNJc;class=LRu2k_3l_UpSNec;\" data-ved=\"2ahUKEwj1yIy_h-WQAxW_RKQEHcBRCe0Qye0OegYIAQgcEAE\"><\/button><\/div>\n<div class=\"Fsg96\" data-sfc-cp=\"\" data-complete=\"true\" data-processed=\"true\"><\/div>\n<div data-xid=\"Gd7Hsc\" data-sfc-cp=\"\" data-wiz-uids=\"LRu2k_3o\" data-complete=\"true\" data-processed=\"true\">\n<div class=\"DBd2Wb\" data-complete=\"true\" data-processed=\"true\">\n<div data-complete=\"true\" data-processed=\"true\"><\/div>\n<\/div>\n<\/div>","protected":false},"excerpt":{"rendered":"<p>Prot\u00e9gez votre iPhone avec l&rsquo;Ultime Coque de Protection Antichoc Votre iPhone est un investissement pr\u00e9cieux. Ne laissez pas une chute<\/p>","protected":false},"featured_media":25871,"comment_status":"open","ping_status":"closed","template":"","meta":[],"product_brand":[],"product_cat":[626],"product_tag":[716],"class_list":{"0":"post-25575","1":"product","2":"type-product","3":"status-publish","4":"has-post-thumbnail","6":"product_cat-back-cover","7":"product_tag-coque-protection-antichoc-iphone","9":"first","10":"instock","11":"taxable","12":"shipping-taxable","13":"purchasable","14":"product-type-variable"},"_links":{"self":[{"href":"https:\/\/www.dealmarket.be\/nl\/wp-json\/wp\/v2\/product\/25575","targetHints":{"allow":["GET"]}}],"collection":[{"href":"https:\/\/www.dealmarket.be\/nl\/wp-json\/wp\/v2\/product"}],"about":[{"href":"https:\/\/www.dealmarket.be\/nl\/wp-json\/wp\/v2\/types\/product"}],"replies":[{"embeddable":true,"href":"https:\/\/www.dealmarket.be\/nl\/wp-json\/wp\/v2\/comments?post=25575"}],"version-history":[{"count":2,"href":"https:\/\/www.dealmarket.be\/nl\/wp-json\/wp\/v2\/product\/25575\/revisions"}],"predecessor-version":[{"id":25577,"href":"https:\/\/www.dealmarket.be\/nl\/wp-json\/wp\/v2\/product\/25575\/revisions\/25577"}],"wp:featuredmedia":[{"embeddable":true,"href":"https:\/\/www.dealmarket.be\/nl\/wp-json\/wp\/v2\/media\/25871"}],"wp:attachment":[{"href":"https:\/\/www.dealmarket.be\/nl\/wp-json\/wp\/v2\/media?parent=25575"}],"wp:term":[{"taxonomy":"product_brand","embeddable":true,"href":"https:\/\/www.dealmarket.be\/nl\/wp-json\/wp\/v2\/product_brand?post=25575"},{"taxonomy":"product_cat","embeddable":true,"href":"https:\/\/www.dealmarket.be\/nl\/wp-json\/wp\/v2\/product_cat?post=25575"},{"taxonomy":"product_tag","embeddable":true,"href":"https:\/\/www.dealmarket.be\/nl\/wp-json\/wp\/v2\/product_tag?post=25575"}],"curies":[{"name":"wp","href":"https:\/\/api.w.org\/{rel}","templated":true}]}}