{"id":4400,"date":"2021-10-12T15:51:09","date_gmt":"2021-10-12T15:51:09","guid":{"rendered":"http:\/\/dummy.xtemos.com\/woodmart2\/elementor\/?page_id=4400"},"modified":"2025-11-08T12:36:23","modified_gmt":"2025-11-08T11:36:23","slug":"a-propos","status":"publish","type":"page","link":"https:\/\/www.dealmarket.be\/nl\/a-propos\/","title":{"rendered":"\u00c0 propos"},"content":{"rendered":"<div data-elementor-type=\"wp-page\" data-elementor-id=\"4400\" class=\"elementor elementor-4400\" data-elementor-post-type=\"page\">\n\t\t\t\t<div class=\"wd-negative-gap elementor-element elementor-element-7c7c544 e-flex e-con-boxed e-con e-parent\" data-id=\"7c7c544\" data-element_type=\"container\" data-e-type=\"container\">\n\t\t\t\t\t<div class=\"e-con-inner\">\n\t\t<div class=\"elementor-element elementor-element-e7cb5cd e-con-full e-flex e-con e-child\" data-id=\"e7cb5cd\" data-element_type=\"container\" data-e-type=\"container\">\n\t\t\t\t<div class=\"elementor-element elementor-element-56aec39 elementor-widget elementor-widget-wd_image_or_svg\" data-id=\"56aec39\" data-element_type=\"widget\" data-e-type=\"widget\" data-widget_type=\"wd_image_or_svg.default\">\n\t\t\t\t<div class=\"elementor-widget-container\">\n\t\t\t\t\t\n\t\t<div class=\"wd-image text-left\">\n\t\t\t\t\t\t\t\t<img loading=\"lazy\" decoding=\"async\" width=\"1024\" height=\"1024\" src=\"https:\/\/www.dealmarket.be\/wp-content\/uploads\/2025\/01\/telecharger.jpg\" class=\"attachment-full size-full\" alt=\"\" srcset=\"https:\/\/www.dealmarket.be\/wp-content\/uploads\/2025\/01\/telecharger.jpg 1024w, https:\/\/www.dealmarket.be\/wp-content\/uploads\/2025\/01\/telecharger-430x430.jpg 430w, https:\/\/www.dealmarket.be\/wp-content\/uploads\/2025\/01\/telecharger-150x150.jpg 150w, https:\/\/www.dealmarket.be\/wp-content\/uploads\/2025\/01\/telecharger-700x700.jpg 700w, https:\/\/www.dealmarket.be\/wp-content\/uploads\/2025\/01\/telecharger-300x300.jpg 300w, https:\/\/www.dealmarket.be\/wp-content\/uploads\/2025\/01\/telecharger-800x800.jpg 800w, https:\/\/www.dealmarket.be\/wp-content\/uploads\/2025\/01\/telecharger-768x768.jpg 768w, https:\/\/www.dealmarket.be\/wp-content\/uploads\/2025\/01\/telecharger-500x500.jpg 500w\" sizes=\"auto, (max-width: 1024px) 100vw, 1024px\" title=\"\">\t\t\t\t\t<\/div>\n\n\t\t\t\t\t\t<\/div>\n\t\t\t\t<\/div>\n\t\t\t\t<\/div>\n\t\t<div class=\"elementor-element elementor-element-97d6084 e-con-full e-flex e-con e-child\" data-id=\"97d6084\" data-element_type=\"container\" data-e-type=\"container\">\n\t\t\t\t<div class=\"elementor-element elementor-element-98d830b wd-width-100 elementor-widget elementor-widget-wd_title\" data-id=\"98d830b\" data-element_type=\"widget\" data-e-type=\"widget\" data-widget_type=\"wd_title.default\">\n\t\t\t\t<div class=\"elementor-widget-container\">\n\t\t\t\t\t\t\t<div class=\"title-wrapper wd-set-mb reset-last-child wd-title-color-primary wd-title-style-default wd-title-size-large text-left\">\n\n\t\t\t\n\t\t\t<div class=\"liner-continer\">\n\t\t\t\t<h5 class=\"woodmart-title-container title wd-fontsize-xxl\">Notre histoire : n\u00e9s d\u2019une passion pour les bons plans<\/h5> \n\t\t\t\t\t\t\t<\/div>\n\n\t\t\t\t\t\t\t<div class=\"title-after_title reset-last-child wd-fontsize-s\">\n\t\t\t\t\t<p>DealMarket est n\u00e9 de la volont\u00e9 de simplifier la vie des consommateurs tout en leur offrant <strong>des \u00e9conomies r\u00e9elles<\/strong>. Ce projet est port\u00e9 par des passionn\u00e9s de technologie et de commerce en ligne, qui connaissent l\u2019importance de trouver des produits de qualit\u00e9 \u00e0 un prix juste.<\/p><br \/>\n<p>Bien que nous soyons encore au d\u00e9but de notre aventure, nous mettons tout en \u0153uvre pour <strong>proposer des offres fiables et s\u00e9lectionn\u00e9es avec soin<\/strong>, et b\u00e2tir progressivement une communaut\u00e9 d\u2019acheteurs satisfaits.<\/p>\t\t\t\t<\/div>\n\t\t\t\t\t<\/div>\n\t\t\t\t\t\t<\/div>\n\t\t\t\t<\/div>\n\t\t\t\t<div class=\"elementor-element elementor-element-07f8d78 wd-width-100 elementor-widget elementor-widget-wd_title\" data-id=\"07f8d78\" data-element_type=\"widget\" data-e-type=\"widget\" data-widget_type=\"wd_title.default\">\n\t\t\t\t<div class=\"elementor-widget-container\">\n\t\t\t\t\t\t\t<div class=\"title-wrapper wd-set-mb reset-last-child wd-title-color-primary wd-title-style-default wd-title-size-large text-left\">\n\n\t\t\t\n\t\t\t<div class=\"liner-continer\">\n\t\t\t\t<h5 class=\"woodmart-title-container title wd-fontsize-xxl\">Notre mission : vous faire gagner temps et argent<\/h5> \n\t\t\t\t\t\t\t<\/div>\n\n\t\t\t\t\t\t\t<div class=\"title-after_title reset-last-child wd-fontsize-s\">\n\t\t\t\t\t<p>Chez DealMarket.be, notre mission est de rendre la technologie accessible \u00e0 tous. Nous croyons que chacun m\u00e9rite d'avoir acc\u00e8s aux derni\u00e8res innovations sans compromettre son budget. C'est pourquoi nous proposons une large gamme de smartphones reconditionn\u00e9s, soigneusement v\u00e9rifi\u00e9s et garantis pour offrir une performance optimale \u00e0 des prix imbattables.<\/p><br \/>\n<p>En\u00a0plus de notre offre de smartphones reconditionn\u00e9s, nous sommes fiers de proposer une s\u00e9lection de produits intelligents qui simplifient et enrichissent votre vie quotidienne. Que vous cherchiez des solutions pour une maison connect\u00e9e, des appareils audio intelligents, ou des montres connect\u00e9es, DealMarket.be a ce qu'il vous faut. Nos produits smart sont choisis pour leur qualit\u00e9, leur innovation et leur capacit\u00e9 \u00e0 s'int\u00e9grer parfaitement dans votre mode de vie moderne.<\/p>\t\t\t\t<\/div>\n\t\t\t\t\t<\/div>\n\t\t\t\t\t\t<\/div>\n\t\t\t\t<\/div>\n\t\t\t\t<\/div>\n\t\t\t\t\t<\/div>\n\t\t\t\t<\/div>\n\t\t<div class=\"wd-negative-gap elementor-element elementor-element-7ec6982 e-flex e-con-boxed e-con e-parent\" data-id=\"7ec6982\" data-element_type=\"container\" data-e-type=\"container\">\n\t\t\t\t\t<div class=\"e-con-inner\">\n\t\t<div class=\"elementor-element elementor-element-3ad048c e-con-full e-flex e-con e-child\" data-id=\"3ad048c\" data-element_type=\"container\" data-e-type=\"container\">\n\t\t\t\t<div class=\"elementor-element elementor-element-61e35a6 wd-width-100 elementor-widget elementor-widget-wd_title\" data-id=\"61e35a6\" data-element_type=\"widget\" data-e-type=\"widget\" data-widget_type=\"wd_title.default\">\n\t\t\t\t<div class=\"elementor-widget-container\">\n\t\t\t\t\t\t\t<div class=\"title-wrapper wd-set-mb reset-last-child wd-title-color-primary wd-title-style-default wd-title-size-large text-left\">\n\n\t\t\t\n\t\t\t<div class=\"liner-continer\">\n\t\t\t\t<h5 class=\"woodmart-title-container title wd-fontsize-xxl\">Pourquoi Choisir DealMarket.be ?<\/h5> \n\t\t\t\t\t\t\t<\/div>\n\n\t\t\t\t\t\t\t<div class=\"title-after_title reset-last-child wd-fontsize-s\">\n\t\t\t\t\t<p><strong>Qualit\u00e9 et Fiabilit\u00e9<\/strong>\u00a0: Tous nos produits sont soigneusement s\u00e9lectionn\u00e9s et test\u00e9s pour garantir leur performance et leur durabilit\u00e9.<\/p><br \/>\n<p><strong>Service Client D\u00e9di\u00e9<\/strong>\u00a0: Notre \u00e9quipe est l\u00e0 pour vous aider \u00e0 chaque \u00e9tape de votre achat, de la s\u00e9lection du produit \u00e0 l'apr\u00e8s-vente.<\/p><br \/>\n<p><strong>Engagement \u00c9cologique<\/strong>\u00a0: En choisissant des smartphones reconditionn\u00e9s, vous participez \u00e0 la r\u00e9duction des d\u00e9chets \u00e9lectroniques et \u00e0 la pr\u00e9servation de l'environnement.<\/p>\t\t\t\t<\/div>\n\t\t\t\t\t<\/div>\n\t\t\t\t\t\t<\/div>\n\t\t\t\t<\/div>\n\t\t\t\t<\/div>\n\t\t<div class=\"elementor-element elementor-element-41e5c1a e-con-full e-flex e-con e-child\" data-id=\"41e5c1a\" data-element_type=\"container\" data-e-type=\"container\">\n\t\t\t\t<div class=\"elementor-element elementor-element-2246f42 wd-width-100 elementor-widget elementor-widget-wd_title\" data-id=\"2246f42\" data-element_type=\"widget\" data-e-type=\"widget\" data-widget_type=\"wd_title.default\">\n\t\t\t\t<div class=\"elementor-widget-container\">\n\t\t\t\t\t\t\t<div class=\"title-wrapper wd-set-mb reset-last-child wd-title-color-primary wd-title-style-default wd-title-size-large text-left\">\n\n\t\t\t\n\t\t\t<div class=\"liner-continer\">\n\t\t\t\t<h5 class=\"woodmart-title-container title wd-fontsize-xxl\">Nos partenaires : gage de qualit\u00e9<\/h5> \n\t\t\t\t\t\t\t<\/div>\n\n\t\t\t\t\t\t\t<div class=\"title-after_title reset-last-child wd-fontsize-s\">\n\t\t\t\t\t<p>Notre partenaire strat\u00e9gique et principale, <a href=\"https:\/\/solarimpulse.com\/companies\/back2buzz\" target=\"_blank\" rel=\"noopener\">Back2buzz SRL<\/a> apporte toute son expertise pour vous garantir <strong>des produits reconditionn\u00e9s test\u00e9s, fiables et durables. <\/strong>Des produits reconditionn\u00e9s de qualit\u00e9 \u00e0 prix malin.<\/p>\t\t\t\t<\/div>\n\t\t\t\t\t<\/div>\n\t\t\t\t\t\t<\/div>\n\t\t\t\t<\/div>\n\t\t\t\t<div class=\"elementor-element elementor-element-64db6a8 elementor-widget__width-initial elementor-widget elementor-widget-wd_image_or_svg\" data-id=\"64db6a8\" data-element_type=\"widget\" data-e-type=\"widget\" data-widget_type=\"wd_image_or_svg.default\">\n\t\t\t\t<div class=\"elementor-widget-container\">\n\t\t\t\t\t\n\t\t<div class=\"wd-image text-left\">\n\t\t\t\t\t\t\t\t<img loading=\"lazy\" decoding=\"async\" width=\"1000\" height=\"250\" src=\"https:\/\/www.dealmarket.be\/wp-content\/uploads\/2025\/04\/Green-Nature-Science-Canvas-Banner.png\" class=\"attachment-full size-full\" alt=\"\" srcset=\"https:\/\/www.dealmarket.be\/wp-content\/uploads\/2025\/04\/Green-Nature-Science-Canvas-Banner.png 1000w, https:\/\/www.dealmarket.be\/wp-content\/uploads\/2025\/04\/Green-Nature-Science-Canvas-Banner-430x108.png 430w, https:\/\/www.dealmarket.be\/wp-content\/uploads\/2025\/04\/Green-Nature-Science-Canvas-Banner-150x38.png 150w, https:\/\/www.dealmarket.be\/wp-content\/uploads\/2025\/04\/Green-Nature-Science-Canvas-Banner-700x175.png 700w, https:\/\/www.dealmarket.be\/wp-content\/uploads\/2025\/04\/Green-Nature-Science-Canvas-Banner-400x100.png 400w, https:\/\/www.dealmarket.be\/wp-content\/uploads\/2025\/04\/Green-Nature-Science-Canvas-Banner-768x192.png 768w\" sizes=\"auto, (max-width: 1000px) 100vw, 1000px\" title=\"\">\t\t\t\t\t<\/div>\n\n\t\t\t\t\t\t<\/div>\n\t\t\t\t<\/div>\n\t\t\t\t<\/div>\n\t\t<div class=\"elementor-element elementor-element-0ee2221 e-con-full e-flex e-con e-child\" data-id=\"0ee2221\" data-element_type=\"container\" data-e-type=\"container\">\n\t\t\t\t<div class=\"elementor-element elementor-element-ec31134 wd-width-100 elementor-widget elementor-widget-wd_title\" data-id=\"ec31134\" data-element_type=\"widget\" data-e-type=\"widget\" data-widget_type=\"wd_title.default\">\n\t\t\t\t<div class=\"elementor-widget-container\">\n\t\t\t\t\t\t\t<div class=\"title-wrapper wd-set-mb reset-last-child wd-title-color-primary wd-title-style-default wd-title-size-large text-left\">\n\n\t\t\t\n\t\t\t<div class=\"liner-continer\">\n\t\t\t\t<h5 class=\"woodmart-title-container title wd-fontsize-xxl\">Rejoignez la communaut\u00e9 DealMarket<\/h5> \n\t\t\t\t\t\t\t<\/div>\n\n\t\t\t\t\t\t\t<div class=\"title-after_title reset-last-child wd-fontsize-s\">\n\t\t\t\t\t<p>Que vous soyez un acheteur occasionnel ou un chasseur de bonnes affaires r\u00e9gulier, DealMarket est l\u00e0 pour vous aider \u00e0 <strong>d\u00e9couvrir les meilleures offres du moment<\/strong>.<\/p><br \/>\n<p><strong>D\u00e9couvrez nos offres d\u00e8s maintenant et ne manquez plus aucune bonne affaire !<\/strong><\/p>\t\t\t\t<\/div>\n\t\t\t\t\t<\/div>\n\t\t\t\t\t\t<\/div>\n\t\t\t\t<\/div>\n\t\t\t\t<div class=\"elementor-element elementor-element-da27c9f elementor-widget elementor-widget-wd_button\" data-id=\"da27c9f\" data-element_type=\"widget\" data-e-type=\"widget\" data-widget_type=\"wd_button.default\">\n\t\t\t\t<div class=\"elementor-widget-container\">\n\t\t\t\t\t\t\t<div class=\"wd-button-wrapper text-center\" >\n\t\t\t<a class=\"btn btn-style-3d btn-shape-rectangle btn-size-default btn-color-alt btn-icon-pos-right\" href=\"https:\/\/www.dealmarket.be\/nl\/\">\n\t\t\t\t<span class=\"wd-btn-text\" data-elementor-setting-key=\"text\">\n\t\t\t\t\tboutique\t\t\t\t<\/span>\n\n\t\t\t\t\t\t\t<\/a>\n\t\t<\/div>\n\t\t\t\t\t\t<\/div>\n\t\t\t\t<\/div>\n\t\t\t\t<\/div>\n\t\t\t\t\t<\/div>\n\t\t\t\t<\/div>\n\t\t<div class=\"wd-negative-gap elementor-element elementor-element-d100ecb e-flex e-con-boxed e-con e-parent\" data-id=\"d100ecb\" data-element_type=\"container\" data-e-type=\"container\">\n\t\t\t\t\t<div class=\"e-con-inner\">\n\t\t\t\t\t<\/div>\n\t\t\t\t<\/div>\n\t\t\t\t<\/div>","protected":false},"excerpt":{"rendered":"<p>Notre histoire : n\u00e9s d\u2019une passion pour les bons plans DealMarket est n\u00e9 de la volont\u00e9 de simplifier la vie<\/p>","protected":false},"author":1,"featured_media":0,"parent":0,"menu_order":0,"comment_status":"closed","ping_status":"closed","template":"","meta":{"footnotes":""},"class_list":["post-4400","page","type-page","status-publish","hentry"],"_links":{"self":[{"href":"https:\/\/www.dealmarket.be\/nl\/wp-json\/wp\/v2\/pages\/4400","targetHints":{"allow":["GET"]}}],"collection":[{"href":"https:\/\/www.dealmarket.be\/nl\/wp-json\/wp\/v2\/pages"}],"about":[{"href":"https:\/\/www.dealmarket.be\/nl\/wp-json\/wp\/v2\/types\/page"}],"author":[{"embeddable":true,"href":"https:\/\/www.dealmarket.be\/nl\/wp-json\/wp\/v2\/users\/1"}],"replies":[{"embeddable":true,"href":"https:\/\/www.dealmarket.be\/nl\/wp-json\/wp\/v2\/comments?post=4400"}],"version-history":[{"count":40,"href":"https:\/\/www.dealmarket.be\/nl\/wp-json\/wp\/v2\/pages\/4400\/revisions"}],"predecessor-version":[{"id":25385,"href":"https:\/\/www.dealmarket.be\/nl\/wp-json\/wp\/v2\/pages\/4400\/revisions\/25385"}],"wp:attachment":[{"href":"https:\/\/www.dealmarket.be\/nl\/wp-json\/wp\/v2\/media?parent=4400"}],"curies":[{"name":"wp","href":"https:\/\/api.w.org\/{rel}","templated":true}]}}