{"id":11783,"date":"2021-08-26T12:21:44","date_gmt":"2021-08-26T12:21:44","guid":{"rendered":"http:\/\/dummy.xtemos.com\/woodmart2\/elementor\/?page_id=45"},"modified":"2021-08-26T12:21:44","modified_gmt":"2021-08-26T12:21:44","slug":"compare","status":"publish","type":"page","link":"https:\/\/www.dealmarket.be\/en\/compare\/","title":{"rendered":"Compare"},"content":{"rendered":"<p class=\"wd-empty-compare wd-empty-page\">\n\t\t\tCompare list is empty.\t\t<\/p>\n\t\t\t\t\t<div class=\"wd-empty-page-text\">\n\t\t\t\tAucun produit ajout\u00e9 \u00e0 la liste de comparaison. Vous devez ajouter des produits pour les comparer. Vous trouverez de nombreux produits int\u00e9ressants sur notre page \u00ab Boutique \u00bb.\t\t\t<\/div>\n\t\t\t\t<p class=\"return-to-shop\">\n\t\t\t<a class=\"button\" href=\"https:\/\/www.dealmarket.be\/en\">\n\t\t\t\tReturn to shop\t\t\t<\/a>\n\t\t<\/p>","protected":false},"excerpt":{"rendered":"","protected":false},"author":1,"featured_media":0,"parent":0,"menu_order":0,"comment_status":"closed","ping_status":"closed","template":"","meta":{"footnotes":""},"class_list":["post-11783","page","type-page","status-publish","hentry"],"_links":{"self":[{"href":"https:\/\/www.dealmarket.be\/en\/wp-json\/wp\/v2\/pages\/11783","targetHints":{"allow":["GET"]}}],"collection":[{"href":"https:\/\/www.dealmarket.be\/en\/wp-json\/wp\/v2\/pages"}],"about":[{"href":"https:\/\/www.dealmarket.be\/en\/wp-json\/wp\/v2\/types\/page"}],"author":[{"embeddable":true,"href":"https:\/\/www.dealmarket.be\/en\/wp-json\/wp\/v2\/users\/1"}],"replies":[{"embeddable":true,"href":"https:\/\/www.dealmarket.be\/en\/wp-json\/wp\/v2\/comments?post=11783"}],"version-history":[{"count":0,"href":"https:\/\/www.dealmarket.be\/en\/wp-json\/wp\/v2\/pages\/11783\/revisions"}],"wp:attachment":[{"href":"https:\/\/www.dealmarket.be\/en\/wp-json\/wp\/v2\/media?parent=11783"}],"curies":[{"name":"wp","href":"https:\/\/api.w.org\/{rel}","templated":true}]}}